{"id":217599,"date":"2025-01-15T18:36:36","date_gmt":"2025-01-15T17:36:36","guid":{"rendered":"https:\/\/rizosfera.org\/?post_type=product&#038;p=217599"},"modified":"2025-05-08T17:52:55","modified_gmt":"2025-05-08T16:52:55","slug":"looking-for-a-kiss","status":"publish","type":"product","link":"https:\/\/rizosfera.org\/en\/shop\/looking-for-a-kiss\/","title":{"rendered":"Looking for a Kiss"},"content":{"rendered":"<p><\/p>\n<h6>ULTRABLACKOFMUSIC<br \/>\nApril 2020<\/h6>\n<p><strong>ULTRABLACK OF MUSIC<\/strong><br \/>\n<em>Achim Szepanski<br \/>\n<\/em>Mille Plateaux \/ NON<\/p>\n<hr \/>\n<p><strong>Book<br \/>\n<\/strong>The book includes a track compilation, which you can download.<\/p>\n<p><em>Tracks from the artists:<\/em><\/p>\n<p style=\"padding-left: 30px;\">Automatisme, Thomas K\u00f6ner, B Ashra, Bienoise, bpmf, SIFIR, echonaut, EPS, Marcel Daemgen, Mijk van Dijk, Khem One, Solar Debris, Grupo Coral a Voz do Alentejo na Quinta do Conde feat Dr Walker, Dr. W, Dr. NoiseM, omsk information &amp; dr walker, stine m, svensyntetics, NicoNote &amp; Obsolete Capitalism, Pavel Zhagun, Schmickler Rohrhuber, Somnambule, Stefan Paulus, The Allegorist, Thomas Brinkmann, Bill B. Wintermute, DJ Durbin, Gerriet K. Sharma, Antonia Manhartsberger, Siegfried K\u00e4rcher, Woulg, Zoy Winterstein.<\/p>\n<p><em>Content:<\/em><\/p>\n<p style=\"padding-left: 30px;\">Foreword \u2013 Dark Precursions.<br \/>\nTechnocultures, Inhuman Rhythmights and the Ultrablack of Non-Music 7<br \/>\nJAN HEINTZ<br \/>\nSpectral Composition: On Spectral Music, Drone Metal, and Electronic Music 11<br \/>\nFR\u00c9D\u00c9RIC NEYRAT<br \/>\nUltra-Blackness in Music. A Non-Mixology 23<br \/>\nACHIM SZEPANSKI<br \/>\nSONIC THANATICISM. A Sensology of The Sonic Capital 45<br \/>\nHOLGER SCHULZE<br \/>\nTwo Fragments About Rhythm and Nano-Fascism 55<br \/>\nZAFER ARACAG\u00d6K<br \/>\nDon\u2019t Forget to Change The Beat From Time To Time \u2013 About Counter-Raving 63<br \/>\nSHINTARO MIYAZAKI<br \/>\nSurrounded by Immersion &#8211; Means of Post-Democratic Warfare 69<br \/>\nGERRIET K. SHARMA<br \/>\nConnegactive-Approaches, to the Production of Vibrational Matters 81<br \/>\nTXGEN MEYER<br \/>\nMelody and Morphogenesis. Refrains of Culture, Crystals of Time 101<br \/>\nTAYLOR ADKINS AND JOSEPH WEISSMAN<br \/>\nin|human rhythms 125<br \/>\nBERND HERZOGENRATH<br \/>\nFrom Rhythm to Glitch: Digital Deformation in Deleuze 139<br \/>\nCORRY SHORES AND MELIKE BA\u015eAK YAL\u00c7IN<br \/>\nThe Scream and the Sound of the Flesh 157<br \/>\nALGORITHMIC COMMITTEE<br \/>\nBergsonian Science-Fiction:<br \/>\nKodwo Eshun, Gilles Deleuze, &amp; Thinking the Reality of Time 163<br \/>\nJOSE ROSALES<br \/>\nDeterritorializations \u2013 Field Recordings, Percepts, Smooth Spaces<br \/>\nand Bodies-Without-Organs 171<br \/>\nSTEFAN PAULUS<br \/>\nPolitiken der Frequenz 181<br \/>\nMARCUS SCHMICKLER AND JULIAN ROHRHUBER<br \/>\nNullen &amp; Einsen 193<br \/>\nTHOMAS BRINKMANN<br \/>\nTen Thousand Million 201<br \/>\nTHOMAS K\u00d6NER<br \/>\nTechno is the Message.<br \/>\nReflections on the Short Circuits of the Electronic Music Industry 207<br \/>\nALESSIO KOLIOULIS<br \/>\nDead Detroit Lies Dreaming: Techno (Anti-)Accelerationism 217<br \/>\nBENJAMIN NOYS<br \/>\n(Cybernetic-)\u2018Post-Pop\u2018: affect art(s) &amp; (emotional) self-governing 221<br \/>\nBILL B. WINTERMUTE<\/p>\n<hr \/>\n<blockquote><p>&#8220;Quando la non-politica della frequenza ascolta l&#8217;orologio, non sente l&#8217;uniforme tic tic, tic, ma sente tic &#8211; toc &#8211; fanculo l&#8217;orologio.<\/p>\n<p>In questo contesto\u00a0Ultra-Black of Music\u00a0specula sui molteplici modi in cui i mondi sonori oggettivi e disumani, che ruggiscono sotto l&#8217;apparato senso-logico umano, pervadono e colonizzano senza problemi le nostre capacit\u00e0 alieno-umanoidi, affettive e cognitive.\u00a0Ultra-Black of Music\u00a0specula anche su come costruire vie di uscita dall&#8217;imbroglio dei Ritmi Padronali del Capitale Sonico-Mortifero e dai suoi stratagemmi di annientamento e mediocrit\u00e0.<\/p>\n<p>Le produzioni ritmiche speculative portano al limite l&#8217;ope-razionalit\u00e0 matematica e le sue auto-amputazioni decisionali e creano la corporeit\u00e0 mancante che ricollega le nostre capacit\u00e0 affettive e le nostre inibizioni disancorando, alienando \/ de-realizzando le nostre relazioni con le astrazioni assassine (binarismo riduttivo, identitismo \/ autismo), la mentalit\u00e0 tecnognostica e le sue mistificazioni.<\/p>\n<p>La musica\u00a0\u2018ultrablackened&#8217; ci affronta e ci spinge anche nella sperimentazione di questo intramezzo senza nome, nel quale possono emergere nuove temporalit\u00e0 i cui percorsi tortuosi e gli stessi risultati finali non possono essere previsti, o garantiti.<\/p>\n<p>L&#8217;amore crudele di questa\u00a0\u2018ultrablackness\u2019 sonica \u00e8 fortemente alimentato dall&#8217;odio nel porre fine a questo mondo cos\u00ec come\u00a0sonicamente\u00a0lo conosciamo e sperimentiamo.&#8221;<\/p><\/blockquote>\n<hr \/>\n<blockquote><p>&#8220;When non-frequency-politics listens to the clock, it does not hear the uniform tic tic, tic, but it hears tic &#8211; toc &#8211; fuck the clock.<\/p>\n<p>Against this backdrop Ultra-Black of Music speculates on the manifold ways in which the objective, inhuman soundworlds, which roar underneath humans\u2019 sensological apparatus, pervade and smoothly colonize our humanoid-alien, affective and cognitive capacities \u2013 and how to construct ways out of the mess of the Master Rhythms of Sonic Thanaticist Capital and its stratagems of annihilation and pulpification.<\/p>\n<p>Speculative rhythm productions drive the mathematical ope-rationality and its decisional self-amputations to the edge and create the missing corporeality that rewires our affective capacities and inhibitions by un-mooring, alienating\/de-realizing our relations to the killing abstractions (reductive Binarism, identitism\/autism), the techgnostical mindset and its mystifications.<\/p>\n<p>Ultrablackened music confronts and pushes us also into the experimentation with this nameless in-between, in which new temporalities can emerge whose winding paths and outcomes can neither be predicted nor guaranteed.<\/p>\n<p>Its cruel love vigorously informed and fueled by the hate in ending this world, as we know and sonically experience it.&#8221;<\/p><\/blockquote>\n<p><\/p>","protected":false},"excerpt":{"rendered":"<h6>ULTRABLACKOFMUSIC<br \/>\nApril 2020<\/h6>\n<p><strong>ULTRABLACK OF MUSIC<\/strong><br \/>\n<em>Achim Szepanski<br \/>\n<\/em>Mille Plateaux \/ NON<\/p>\n","protected":false},"featured_media":217508,"template":"","meta":[],"label":[431],"product_cat":[120,173],"product_tag":[],"acf":[],"_links":{"self":[{"href":"https:\/\/rizosfera.org\/en\/wp-json\/wp\/v2\/product\/217599"}],"collection":[{"href":"https:\/\/rizosfera.org\/en\/wp-json\/wp\/v2\/product"}],"about":[{"href":"https:\/\/rizosfera.org\/en\/wp-json\/wp\/v2\/types\/product"}],"wp:featuredmedia":[{"embeddable":true,"href":"https:\/\/rizosfera.org\/en\/wp-json\/wp\/v2\/media\/217508"}],"wp:attachment":[{"href":"https:\/\/rizosfera.org\/en\/wp-json\/wp\/v2\/media?parent=217599"}],"wp:term":[{"taxonomy":"label","embeddable":true,"href":"https:\/\/rizosfera.org\/en\/wp-json\/wp\/v2\/label?post=217599"},{"taxonomy":"product_cat","embeddable":true,"href":"https:\/\/rizosfera.org\/en\/wp-json\/wp\/v2\/product_cat?post=217599"},{"taxonomy":"product_tag","embeddable":true,"href":"https:\/\/rizosfera.org\/en\/wp-json\/wp\/v2\/product_tag?post=217599"}],"curies":[{"name":"wp","href":"https:\/\/api.w.org\/{rel}","templated":true}]}}