{"id":210494,"date":"2020-07-08T12:47:46","date_gmt":"2020-07-08T11:47:46","guid":{"rendered":"https:\/\/rizosfera.org\/?post_type=product&#038;p=210494"},"modified":"2024-11-06T15:58:04","modified_gmt":"2024-11-06T14:58:04","slug":"nukfmbusbr010","status":"publish","type":"product","link":"https:\/\/rizosfera.org\/en\/shop\/nukfmbusbr010\/","title":{"rendered":"Rhythm, Chaos and Nonpulsed Man"},"content":{"rendered":"<p><\/p>\n<h6>NUKFMBUSBR010<br \/>\nJuly 2020<\/h6>\n<p><em>La Deleuziana 10<strong><br \/>\n<\/strong><strong>Rhythm, Chaos and Nonpulsed Man<\/strong><br \/>\nObsolete Capitalism \/ Stefano Oliva (Editors)<br \/>\n<\/em><\/p>\n<p><strong>Santarcangelo Festival Edition<br \/>\nBook + USB Card + 2 Graphic Scores + Digital Streaming<br \/>\n<\/strong>The philosophical journal La Deleuziana* #10 is released as a 500-page book featuring twenty-seven articles, a USB card (8 GB) featuring twenty-six new tracks and original videos, for a total of three hours of unreleased audiovisual content, and two graphic scores (white and black) of Long Night Talks in a numbered special edition signed by the artist Roberto Paci Dal\u00f2 printed on glossy paper.<\/p>\n<hr \/>\n<p><em>Articles by:<\/em><\/p>\n<p>Stefano Oliva, Obsolete Capitalism,\u00a0Daniela Angelucci, Zafer Aracag\u00f6k, SIFIR, Ronald Bogue, Guillaume Collett, Conor Heaney, Henrique Rocha De Souza Lima, Edmund Berger, Paddy Farr, Felipe Kong, Sara Baranzoni, Paolo Vignola, Bernd Herzogenrath,\u00a0Claudio Kulesko, Giuseppe Molica, Davide Tolfo, Nicola Zolin, Paulo De Assis,\u00a0Edward Campbell, Pascale Criton,\u00a0Lucia D\u2019Errico, Lorenzo Pagliei, Roberto Paci Dal\u00f2, Iain Campbell, Halla Steinunn Stef\u00e1nsd\u00f3ttir, Stefan \u00d6stersj\u00f6,\u00a0Gregorio Tenti, Sebastian Wiedemann.<\/p>\n<hr \/>\n<p><em>USB Card contents ::\u00a0Obsolete Capitalism presents <strong>SONIC PLATEAUS<\/strong>:<\/em><\/p>\n<ul>\n<li><strong>SONIC PLATEAUS :: CHAOS VARIATIONS<\/strong>\n<ul>\n<li>Penseur Variation<br \/>\n<em>Stefano Ricci \/ Ettore Dicorato<\/em><\/li>\n<li>Soundsense Variation<br \/>\n<em>Howie B<\/em><\/li>\n<li>Sensesound Variation<br \/>\n<em>Howie B<\/em><\/li>\n<li>Axtral Requiem Variation<br \/>\n<em>NicoNote<\/em><\/li>\n<li>Paysage m\u00e9lodique avec Artaud Variation<br \/>\n<em>NicoNote<\/em><\/li>\n<li>Paradise Underground Variation<br \/>\n<em>Mark Stewart<\/em><\/li>\n<li>FSD\/Full Spectrum Dominance Variation<br \/>\n<em>Mark Stewart<\/em><\/li>\n<li>Exasp\u00e9r\u00e9 Compl\u00e8tement Variation<br \/>\n<em>Zafer Aracag\u00f6k\/SIFIR<\/em><\/li>\n<li>Everybody Wants To Be A Somnambulist Situationist Variation<br \/>\n<em>Zafer Aracag\u00f6k\/SIFIR<\/em><\/li>\n<li>Device Axiomatique Variation<br \/>\n<em>Adi Newton \/TAG<\/em><\/li>\n<li>Antediluvian Blues Variation<br \/>\n<em>Adi Newton \/TAG<\/em><\/li>\n<li>Urban Sonata Variation<br \/>\n<em>Network Ensemble<\/em><\/li>\n<li>Xenotech Variation<br \/>\n<em>Network Ensemble<\/em><\/li>\n<li>Infrachaos Variation<br \/>\n<em>Ezili-i Sabbah<\/em><\/li>\n<li>Uncolor Variation<br \/>\n<em>Bill B. Wintermute<\/em><\/li>\n<\/ul>\n<\/li>\n<\/ul>\n<p>&nbsp;<\/p>\n<ul>\n<li><strong>SONIC PLATEAUS :: CHAOSMOS<\/strong>\n<ul>\n<li>Long Night Talks. For Robert Adrian<br \/>\n<em>Roberto Paci Dal\u00f2<\/em><\/li>\n<li>Polaris\u00a0 [Esecuzione: ZAUM_percussion]<br \/>\n<em>Lorenzo Pagliei<\/em><\/li>\n<li>Circa<br \/>\n<em>Pascale Criton<\/em><\/li>\n<\/ul>\n<\/li>\n<\/ul>\n<p>&nbsp;<\/p>\n<ul>\n<li><strong>SONIC PLATEAUS :: SOUND-IMAGE<\/strong>\n<ul>\n<li>Chaoscaccia \u00a0[Esecuzione: Deborah Walker]<br \/>\n<em>Pascale Criton \/ Deborah Walker<\/em><\/li>\n<li>Penseur<br \/>\n<em>Stefano Ricci \/ Ettore Dicorato<\/em><\/li>\n<li>The Inhabitants of Nemirion<br \/>\n<em>TAGC<\/em><\/li>\n<li>Chaos Film III \/ Device Axiomatique<br \/>\n<em>Ali Beidoun<\/em><\/li>\n<li>Another World<br \/>\n<em>Demystification Committee<\/em><\/li>\n<li>A Chaos of\u00a0 Interfaces<br \/>\n<em>Demystification Committee<\/em><\/li>\n<li>A Survival Dance<br \/>\n<em>Demystification Committee<\/em><\/li>\n<li>Gray Forest<br \/>\n<em>L\u2019Impero della luce<\/em><\/li>\n<\/ul>\n<\/li>\n<\/ul>\n<p>&nbsp;<\/p>\n<p>Available from July 2020.<\/p>\n<hr \/>\n<p><em>*La Deleuziana is an online free downloadable\u00a0philosophical journal (<a href=\"http:\/\/www.ladeleuziana.org\" rel=\"nofollow noopener\" target=\"_blank\">www.ladeleuziana.org<\/a>). The present version includes the full issue, the USB card and the extended versions of some articles.<\/em><\/p>","protected":false},"excerpt":{"rendered":"<h6>NUKFMBUSBR010<br \/>\nJuly 2020<\/h6>\n<p><em>La Deleuziana 10<strong><br \/>\n<\/strong><strong>Rhythm, Chaos and Nonpulsed Man<\/strong><br \/>\nObsolete Capitalism \/ Stefano Oliva (Editors)<\/em><\/p>\n","protected":false},"featured_media":210234,"template":"","meta":[],"label":[201],"product_cat":[120,119,160],"product_tag":[],"acf":[],"_links":{"self":[{"href":"https:\/\/rizosfera.org\/en\/wp-json\/wp\/v2\/product\/210494"}],"collection":[{"href":"https:\/\/rizosfera.org\/en\/wp-json\/wp\/v2\/product"}],"about":[{"href":"https:\/\/rizosfera.org\/en\/wp-json\/wp\/v2\/types\/product"}],"wp:featuredmedia":[{"embeddable":true,"href":"https:\/\/rizosfera.org\/en\/wp-json\/wp\/v2\/media\/210234"}],"wp:attachment":[{"href":"https:\/\/rizosfera.org\/en\/wp-json\/wp\/v2\/media?parent=210494"}],"wp:term":[{"taxonomy":"label","embeddable":true,"href":"https:\/\/rizosfera.org\/en\/wp-json\/wp\/v2\/label?post=210494"},{"taxonomy":"product_cat","embeddable":true,"href":"https:\/\/rizosfera.org\/en\/wp-json\/wp\/v2\/product_cat?post=210494"},{"taxonomy":"product_tag","embeddable":true,"href":"https:\/\/rizosfera.org\/en\/wp-json\/wp\/v2\/product_tag?post=210494"}],"curies":[{"name":"wp","href":"https:\/\/api.w.org\/{rel}","templated":true}]}}